{"id":3,"date":"2023-06-13T09:22:11","date_gmt":"2023-06-13T09:22:11","guid":{"rendered":"http:\/\/exploresports.pt\/?page_id=3"},"modified":"2023-07-03T15:39:57","modified_gmt":"2023-07-03T15:39:57","slug":"privacy-policy","status":"publish","type":"page","link":"https:\/\/exploresports.pt\/?page_id=3","title":{"rendered":"Pol\u00edtica de Privacidade"},"content":{"rendered":"\t\t<div data-elementor-type=\"wp-page\" data-elementor-id=\"3\" class=\"elementor elementor-3\">\n\t\t\t\t\t\t\t\t\t<section class=\"elementor-section elementor-top-section elementor-element elementor-element-36810f3 elementor-section-boxed elementor-section-height-default elementor-section-height-default\" data-id=\"36810f3\" data-element_type=\"section\">\n\t\t\t\t\t\t<div class=\"elementor-container elementor-column-gap-default\">\n\t\t\t\t\t<div class=\"elementor-column elementor-col-100 elementor-top-column elementor-element elementor-element-369b1419\" data-id=\"369b1419\" data-element_type=\"column\">\n\t\t\t<div class=\"elementor-widget-wrap elementor-element-populated\">\n\t\t\t\t\t\t\t\t<div class=\"elementor-element elementor-element-3c5cd79f elementor-widget__width-initial elementor-widget elementor-widget-text-editor\" data-id=\"3c5cd79f\" data-element_type=\"widget\" data-widget_type=\"text-editor.default\">\n\t\t\t\t<div class=\"elementor-widget-container\">\n\t\t\t<style>\/*! elementor - v3.13.3 - 28-05-2023 *\/\n.elementor-widget-text-editor.elementor-drop-cap-view-stacked .elementor-drop-cap{background-color:#69727d;color:#fff}.elementor-widget-text-editor.elementor-drop-cap-view-framed .elementor-drop-cap{color:#69727d;border:3px solid;background-color:transparent}.elementor-widget-text-editor:not(.elementor-drop-cap-view-default) .elementor-drop-cap{margin-top:8px}.elementor-widget-text-editor:not(.elementor-drop-cap-view-default) .elementor-drop-cap-letter{width:1em;height:1em}.elementor-widget-text-editor .elementor-drop-cap{float:left;text-align:center;line-height:1;font-size:50px}.elementor-widget-text-editor .elementor-drop-cap-letter{display:inline-block}<\/style>\t\t\t\t<p><!-- wp:heading {\"otterConditions\":[]} --><\/p>\n<h5>Quem somos?<\/h5>\n<p><!-- \/wp:heading --><!-- wp:paragraph --><\/p>\n<p>A Trust in Sports \u00e9 uma empresa relacionada com o mundo do desporto, que apresenta-se no mercado com uma solu\u00e7\u00e3o na concep\u00e7\u00e3o, execu\u00e7\u00e3o e manuten\u00e7\u00e3o de Espa\u00e7os Desportivos e de Lazer.&nbsp;<\/p>\n<p>Sempre que haja d\u00favidas sobre a pol\u00edtica de privacidade, deve de entrar em contacto seguindo os seguintes dados:<\/p>\n<p>TRUST IN SPORTS;<\/p>\n<p>Morada: &#8212;&#8211;;<\/p>\n<p><span style=\"font-family: Poppins, sans-serif; font-size: 13px; font-style: normal; font-variant-caps: normal;\">Tel\u00e9movel: &#8212;&#8211;;<\/span><\/p>\n<p>Email: &#8212;&#8211;;<\/p>\n<p>Website: https:\/\/exploresports.pt<\/p>\n<p><!-- \/wp:paragraph --><!-- wp:heading {\"otterConditions\":[]} --><\/p>\n<h5>&nbsp;<\/h5>\n<h5>Que informa\u00e7\u00e3o de dados guardamos e porqu\u00ea?<\/h5>\n<div>A Trust in Sports recolhe&nbsp;informa\u00e7\u00f5es das quais voc\u00ea pode ser identificado, como nome, n\u00famero de telefone e endere\u00e7o de e-mail, a fim de operar melhor os neg\u00f3cios, responder \u00e0s suas solicita\u00e7\u00f5es e fornecer informa\u00e7\u00f5es, melhorar nosso n\u00edvel de servi\u00e7os e o conte\u00fado do nosso site, e para fins de marketing e internos, mas apenas quando solicitado e\/ou voluntariamente nos envia.&nbsp;<\/div>\n<h5><!-- \/wp:heading --><!-- wp:heading {\"level\":3,\"otterConditions\":[]} --><\/h5>\n<h6>Cookies<\/h6>\n<p><!-- \/wp:heading --><!-- wp:paragraph --><\/p>\n<p>Se deixar um coment\u00e1rio no nosso website, poder\u00e1 optar por salvar o seu nome, endere\u00e7o de e-mail e website nos cookies. Fazemos isto por conveni\u00eancia a si, para que n\u00e3o precise preencher seus dados novamente quando deixar outro coment\u00e1rio. Esses cookies duram um ano.<\/p>\n<p>Se visitar a nossa p\u00e1gina de login, definiremos um cookie tempor\u00e1rio para determinar se seu navegador aceita cookies. Este cookie n\u00e3o cont\u00e9m dados pessoais e \u00e9 descartado quando voc\u00ea fechar o navegador.<\/p>\n<p><\/p>\n<p>Quando fizer login, tamb\u00e9m configuraremos v\u00e1rios cookies para salvar suas informa\u00e7\u00f5es de login e suas op\u00e7\u00f5es de exibi\u00e7\u00e3o na tela. Os cookies de login duram dois dias e os cookies de op\u00e7\u00f5es de tela duram um ano. Se selecionar &#8220;Lembrar-me&#8221;, o seu login persistir\u00e1 por duas semanas. Se voc\u00ea sair da sua conta, os cookies de login ser\u00e3o removidos.<\/p>\n<p><\/p>\n<p>Se editar ou publicar um artigo, um cookie adicional ser\u00e1 salvo em seu navegador. Este cookie n\u00e3o inclui dados pessoais e simplesmente indica o ID da publica\u00e7\u00e3o do artigo que acabou de editar. Expira ap\u00f3s 1 dia.<\/p>\n<p><!-- \/wp:paragraph --><!-- wp:heading {\"level\":3,\"otterConditions\":[]} --><\/p>\n<h6>&nbsp;<span style=\"font-size: 20px; font-weight: bold;\">Conte\u00fados de outros websites<\/span><\/h6>\n<div>Os artigos deste site podem incluir conte\u00fado incorporado (por exemplo, v\u00eddeos, imagens, artigos, etc.). O conte\u00fado incorporado de outros sites comporta-se exatamente da mesma maneira como se o visitante tivesse visto o outro site.<\/div>\n<div>\n<div>&nbsp;<\/div>\n<div>Esses sites podem guardar dados sobre si, usar cookies, incorporar rastreamento adicional de terceiros e monitorar sua intera\u00e7\u00e3o com esse conte\u00fado incorporado, incluindo o rastreamento de sua intera\u00e7\u00e3o com o conte\u00fado incorporado se voc\u00ea tiver uma conta e estiver conectado a esse site<\/div>\n<\/div>\n<p><!-- \/wp:heading --><!-- wp:heading {\"otterConditions\":[]} --><\/p>\n<h5>Com quem partilhamos as informa\u00e7\u00f5es e dados?<\/h5>\n<p><!-- \/wp:heading --><!-- wp:paragraph --><\/p>\n<p>N\u00e3o vendemos ou alugamos informa\u00e7\u00f5es de identifica\u00e7\u00e3o pessoal a terceiros para qualquer finalidade.&nbsp;<\/p>\n<p>Se solicitar uma redefini\u00e7\u00e3o de palavra-pass, o seu endere\u00e7o IP ser\u00e1 inclu\u00eddo no e-mail de redefini\u00e7\u00e3o.<\/p>\n<h5>\n<p style=\"box-sizing: border-box; margin: 21px 0px; padding: 0px; border: 0px; font-family: Poppins, sans-serif; font-size: 13px; font-style: normal; font-variant-caps: normal; font-weight: normal; font-stretch: inherit; line-height: 1.65; vertical-align: baseline; color: rgb(81, 84, 98); caret-color: rgb(81, 84, 98); letter-spacing: normal; orphans: auto; text-align: start; text-indent: 0px; text-transform: none; white-space: normal; widows: auto; word-spacing: 0px; -webkit-text-size-adjust: auto; -webkit-text-stroke-width: 0px; text-decoration: none;\">\n<\/p><\/h5>\n<h5 style=\"box-sizing: border-box; margin: 31px 0px 21px; padding: 0px; font-family: Poppins, sans-serif; font-weight: 700; line-height: 1.2; color: rgb(7, 12, 31); font-size: 25px; border: 0px; font-style: normal; font-variant-caps: normal; font-stretch: inherit; vertical-align: baseline; word-wrap: break-word; letter-spacing: normal; orphans: auto; text-align: start; text-indent: 0px; text-transform: none; white-space: normal; widows: auto; word-spacing: 0px; -webkit-text-size-adjust: auto; -webkit-text-stroke-width: 0px; text-decoration: none;\">Prote\u00e7\u00e3o<\/h5>\n<p><!-- \/wp:heading --><!-- wp:paragraph --><\/p>\n<p>Usamos uma variedade de procedimentos de seguran\u00e7a para ajudar a proteger as suas informa\u00e7\u00f5es pessoais contra acesso, uso ou divulga\u00e7\u00e3o n\u00e3o autorizados. Fazemos todos os esfor\u00e7os razo\u00e1veis para evitar perda, uso indevido ou altera\u00e7\u00e3o de dados. N\u00e3o garantimos e n\u00e3o seremos respons\u00e1veis em rela\u00e7\u00e3o a qualquer viola\u00e7\u00e3o de seguran\u00e7a ou perda n\u00e3o intencional ou divulga\u00e7\u00e3o de informa\u00e7\u00f5es devido ao site estar vinculado \u00e0 internet.<\/p>\n<p><!-- \/wp:paragraph --><!-- wp:heading {\"otterConditions\":[]} --><\/p>\n<h5 style=\"font-family: Poppins, sans-serif; font-style: normal; font-variant-caps: normal;\"><span style=\"font-weight: 700;\">Acesso \u00e0s suas informa\u00e7\u00f5es pessoais&nbsp;<\/span><\/h5>\n<p><!-- \/wp:heading --><!-- wp:paragraph --><\/p>\n<p>Se mantivermos informa\u00e7\u00f5es pessoais suas, voc\u00ea poder\u00e1 consult\u00e1-las, alterar e atualizar suas informa\u00e7\u00f5es pessoais a qualquer momento. Se desejar fazer isso, entre em contato connosco.<br><\/p>\n<p><br><\/p>\n<h5 style=\"font-family: Poppins, sans-serif; font-style: normal; font-variant-caps: normal;\"><b style=\"font-family: Poppins, sans-serif; font-style: normal; font-variant-caps: normal;\">Mudan\u00e7as<\/b><br><\/h5>\n<p>Podemos ocasionalmente atualizar esta pol\u00edtica de privacidade. Ao continuar a usar nosso site, voc\u00ea concorda com a pol\u00edtica de privacidade e suas atualiza\u00e7\u00f5es. Se voc\u00ea tiver alguma d\u00favida ou d\u00favida sobre nossa pol\u00edtica de privacidade, n\u00e3o hesite em nos contatar.<br><\/p>\n<p><!-- \/wp:paragraph --><!-- wp:heading {\"otterConditions\":[]} --><\/p>\n<h6 style=\"font-family: Poppins, sans-serif; font-style: normal; font-variant-caps: normal;\"><br><\/h6>\n<p><!-- \/wp:heading --><\/p>\t\t\t\t\t\t<\/div>\n\t\t\t\t<\/div>\n\t\t\t\t\t<\/div>\n\t\t<\/div>\n\t\t\t\t\t\t\t<\/div>\n\t\t<\/section>\n\t\t\t\t\t\t\t<\/div>\n\t\t","protected":false},"excerpt":{"rendered":"<p>Quem somos? A Trust in Sports \u00e9 uma empresa relacionada com o mundo do desporto,&#8230; <\/p>\n<div class=\"readmore\"><a href=\"https:\/\/exploresports.pt\/?page_id=3\" class=\"lnk-default2\">View more<i class=\"la la-arrow-right\"><\/i><\/a><\/div>\n","protected":false},"author":1,"featured_media":0,"parent":0,"menu_order":0,"comment_status":"closed","ping_status":"open","template":"","meta":{"_themeisle_gutenberg_block_has_review":false,"_ti_tpc_template_sync":false,"_ti_tpc_template_id":""},"acf":[],"_links":{"self":[{"href":"https:\/\/exploresports.pt\/index.php?rest_route=\/wp\/v2\/pages\/3"}],"collection":[{"href":"https:\/\/exploresports.pt\/index.php?rest_route=\/wp\/v2\/pages"}],"about":[{"href":"https:\/\/exploresports.pt\/index.php?rest_route=\/wp\/v2\/types\/page"}],"author":[{"embeddable":true,"href":"https:\/\/exploresports.pt\/index.php?rest_route=\/wp\/v2\/users\/1"}],"replies":[{"embeddable":true,"href":"https:\/\/exploresports.pt\/index.php?rest_route=%2Fwp%2Fv2%2Fcomments&post=3"}],"version-history":[{"count":4,"href":"https:\/\/exploresports.pt\/index.php?rest_route=\/wp\/v2\/pages\/3\/revisions"}],"predecessor-version":[{"id":1822,"href":"https:\/\/exploresports.pt\/index.php?rest_route=\/wp\/v2\/pages\/3\/revisions\/1822"}],"wp:attachment":[{"href":"https:\/\/exploresports.pt\/index.php?rest_route=%2Fwp%2Fv2%2Fmedia&parent=3"}],"curies":[{"name":"wp","href":"https:\/\/api.w.org\/{rel}","templated":true}]}}